{"id":12107,"date":"2023-03-31T17:23:30","date_gmt":"2023-03-31T17:23:30","guid":{"rendered":"https:\/\/dorasocks.com\/faq\/"},"modified":"2023-06-23T15:33:37","modified_gmt":"2023-06-23T15:33:37","slug":"faq","status":"publish","type":"page","link":"https:\/\/dorasocks.com\/en\/faq\/","title":{"rendered":"FAQ"},"content":{"rendered":"<h4>FAQs<\/h4>\n<p>\t\t\t\t\t\t\t\tWhat is the composition of the socks?<br \/>\n\t\t\t\t\t\t\tOur socks are produced locally in the vicinity of \u0141\u00f3d\u017a from the highest quality combed and regenerated cotton supplied from local suppliers with attention to detail at every stage of production.<\/p>\n<p><strong>The composition of our socks is:<\/strong><\/p>\n<ul>\n<li>80% cotton<\/li>\n<li>17% polyamide<\/li>\n<li>3% elastane<\/li>\n<\/ul>\n<p>\t\t\t\t\t\t\t\tThe socks I received do not match the order I made?\t\t\t\t\t\t\t<\/p>\n<p>If you received the wrong pattern or size of socks, We are very sorry! To be wrong is human thing, please contact our client service<br \/>(<a href=\"mailto:contact@dorasocks.com\">contact@dorasocks.com<\/a>), we will resolve the issue. \ud83d\ude42<\/p>\n<p>\t\t\t\t\t\t\t\tWhat is the delivery time?\t\t\t\t\t\t\t<\/p>\n<p>When you place and pay for the order, we make every effort to get the order out on the same day, most of your socks need up to 3 business days to reach you.<\/p>\n<p>\t\t\t\t\t\t\t\tCan I order socks with my own design?\t\t\t\t\t\t\t<\/p>\n<p>Of course, we are open to various types of cooperation. We get a lot of inquiries about various projects, so write an email:<a href=\"mailto:contact@dorasocks.com\">contact@dorasocks.com<\/a> We&#8217;ll see what we can do \ud83d\ude42<\/p>\n<p>\t\t\t\t\t\t\t\tHow much time do I have to return?\t\t\t\t\t\t\t<\/p>\n<p>We are sure about quality of our socks, so that you have 45 days from the date of purchase.<\/p>\n<p>\t\t\t\t\t\t\t\tWhere can I return socks?\t\t\t\t\t\t\t<\/p>\n<p>You can return socks to the following address:<\/p>\n<p><strong>Dora<\/strong><br \/>Zgni\u0142e B\u0142oto 23b<br \/>95- 070 Aleksandr\u00f3w \u0141\u00f3dzki, Poland<\/p>\n<p>with the note <strong>Return \/ Replacement of socks<\/strong><\/p>\n<p>Attach a copy of the receipt or order confirmation to the package.<\/p>\n<p>Remember, socks cannot show signs of use, they should have<br \/>original packaging and must not be damaged. We do not refund shipping costs<br \/>and we do not accept cash on delivery.<\/p>\n<p>\t\t\t\t\t\t\t\tWhat are the delivery options?\t\t\t\t\t\t\t<\/p>\n<p>At the moment we can offer 3 options:<\/p>\n<p><strong>Paczkomat Inpost<\/strong> \u2014 12.30z\u0142<br \/><strong>Kurier Inpost <\/strong> \u2014 13z\u0142<br \/><strong>Kurier DPD<\/strong> \u2014 18.70z\u0142<\/p>\n<p>\t\t\t\t\t\t\t\tWhat size should I choose?\t\t\t\t\t\t\t<\/p>\n<p>We try to be as close to universal sizes as possible. It&#8217;s best to keep track of the shoe number you wear most often.<\/p>\n<p>The hardest part is choosing a size when it&#8217;s between.<\/p>\n<p>We know from our experience that is better to choose a smaller size, e.g. if you have a shoe size of 38, it is best to choose a size of 35-37.<\/p>\n","protected":false},"excerpt":{"rendered":"<p>FAQs What is the composition of the socks? Our socks are produced locally in the vicinity of \u0141\u00f3d\u017a from the<\/p>\n","protected":false},"author":1,"featured_media":0,"parent":0,"menu_order":0,"comment_status":"closed","ping_status":"closed","template":"","meta":{"footnotes":""},"class_list":["post-12107","page","type-page","status-publish","hentry"],"yoast_head":"<!-- This site is optimized with the Yoast SEO plugin v27.1.1 - https:\/\/yoast.com\/product\/yoast-seo-wordpress\/ -->\n<title>FAQ - Dora Socks - Skarpety Damskie i M\u0119skie<\/title>\n<meta name=\"robots\" content=\"index, follow, max-snippet:-1, max-image-preview:large, max-video-preview:-1\" \/>\n<link rel=\"canonical\" href=\"https:\/\/dorasocks.com\/en\/faq\/\" \/>\n<meta property=\"og:locale\" content=\"en_US\" \/>\n<meta property=\"og:type\" content=\"article\" \/>\n<meta property=\"og:title\" content=\"FAQ - Dora Socks - Skarpety Damskie i M\u0119skie\" \/>\n<meta property=\"og:description\" content=\"FAQs What is the composition of the socks? Our socks are produced locally in the vicinity of \u0141\u00f3d\u017a from the\" \/>\n<meta property=\"og:url\" content=\"https:\/\/dorasocks.com\/en\/faq\/\" \/>\n<meta property=\"og:site_name\" content=\"Dora Socks - Skarpety Damskie i M\u0119skie\" \/>\n<meta property=\"article:publisher\" content=\"https:\/\/www.facebook.com\/Dorasocksinfo\" \/>\n<meta property=\"article:modified_time\" content=\"2023-06-23T15:33:37+00:00\" \/>\n<meta name=\"twitter:card\" content=\"summary_large_image\" \/>\n<meta name=\"twitter:label1\" content=\"Est. reading time\" \/>\n\t<meta name=\"twitter:data1\" content=\"2 minutes\" \/>\n<script type=\"application\/ld+json\" class=\"yoast-schema-graph\">{\"@context\":\"https:\/\/schema.org\",\"@graph\":[{\"@type\":\"WebPage\",\"@id\":\"https:\/\/dorasocks.com\/en\/faq\/\",\"url\":\"https:\/\/dorasocks.com\/en\/faq\/\",\"name\":\"FAQ - Dora Socks - Skarpety Damskie i M\u0119skie\",\"isPartOf\":{\"@id\":\"https:\/\/dorasocks.com\/en\/#website\"},\"datePublished\":\"2023-03-31T17:23:30+00:00\",\"dateModified\":\"2023-06-23T15:33:37+00:00\",\"breadcrumb\":{\"@id\":\"https:\/\/dorasocks.com\/en\/faq\/#breadcrumb\"},\"inLanguage\":\"en-US\",\"potentialAction\":[{\"@type\":\"ReadAction\",\"target\":[\"https:\/\/dorasocks.com\/en\/faq\/\"]}]},{\"@type\":\"BreadcrumbList\",\"@id\":\"https:\/\/dorasocks.com\/en\/faq\/#breadcrumb\",\"itemListElement\":[{\"@type\":\"ListItem\",\"position\":1,\"name\":\"Strona g\u0142\u00f3wna\",\"item\":\"https:\/\/dorasocks.com\/en\/\"},{\"@type\":\"ListItem\",\"position\":2,\"name\":\"FAQ\"}]},{\"@type\":\"WebSite\",\"@id\":\"https:\/\/dorasocks.com\/en\/#website\",\"url\":\"https:\/\/dorasocks.com\/en\/\",\"name\":\"Dora Socks - Skarpety Damskie i M\u0119skie\",\"description\":\"Skarpety bawe\u0142niane, skarpety garniturowe, skarpety sportowe, skarpety bezuciskowe, skarpety medyczne. Projektowane i produkowane w Polsce!\",\"publisher\":{\"@id\":\"https:\/\/dorasocks.com\/en\/#organization\"},\"potentialAction\":[{\"@type\":\"SearchAction\",\"target\":{\"@type\":\"EntryPoint\",\"urlTemplate\":\"https:\/\/dorasocks.com\/en\/?s={search_term_string}\"},\"query-input\":{\"@type\":\"PropertyValueSpecification\",\"valueRequired\":true,\"valueName\":\"search_term_string\"}}],\"inLanguage\":\"en-US\"},{\"@type\":\"Organization\",\"@id\":\"https:\/\/dorasocks.com\/en\/#organization\",\"name\":\"Dora Socks - Skarpety Damskie i M\u0119skie\",\"url\":\"https:\/\/dorasocks.com\/en\/\",\"logo\":{\"@type\":\"ImageObject\",\"inLanguage\":\"en-US\",\"@id\":\"https:\/\/dorasocks.com\/en\/#\/schema\/logo\/image\/\",\"url\":\"https:\/\/i0.wp.com\/dorasocks.com\/wp-content\/uploads\/2024\/09\/317077559_152852470823490_940726516288002852_n.jpg?fit=1946%2C1946&ssl=1\",\"contentUrl\":\"https:\/\/i0.wp.com\/dorasocks.com\/wp-content\/uploads\/2024\/09\/317077559_152852470823490_940726516288002852_n.jpg?fit=1946%2C1946&ssl=1\",\"width\":1946,\"height\":1946,\"caption\":\"Dora Socks - Skarpety Damskie i M\u0119skie\"},\"image\":{\"@id\":\"https:\/\/dorasocks.com\/en\/#\/schema\/logo\/image\/\"},\"sameAs\":[\"https:\/\/www.facebook.com\/Dorasocksinfo\"]}]}<\/script>\n<!-- \/ Yoast SEO plugin. -->","yoast_head_json":{"title":"FAQ - Dora Socks - Skarpety Damskie i M\u0119skie","robots":{"index":"index","follow":"follow","max-snippet":"max-snippet:-1","max-image-preview":"max-image-preview:large","max-video-preview":"max-video-preview:-1"},"canonical":"https:\/\/dorasocks.com\/en\/faq\/","og_locale":"en_US","og_type":"article","og_title":"FAQ - Dora Socks - Skarpety Damskie i M\u0119skie","og_description":"FAQs What is the composition of the socks? Our socks are produced locally in the vicinity of \u0141\u00f3d\u017a from the","og_url":"https:\/\/dorasocks.com\/en\/faq\/","og_site_name":"Dora Socks - Skarpety Damskie i M\u0119skie","article_publisher":"https:\/\/www.facebook.com\/Dorasocksinfo","article_modified_time":"2023-06-23T15:33:37+00:00","twitter_card":"summary_large_image","twitter_misc":{"Est. reading time":"2 minutes"},"schema":{"@context":"https:\/\/schema.org","@graph":[{"@type":"WebPage","@id":"https:\/\/dorasocks.com\/en\/faq\/","url":"https:\/\/dorasocks.com\/en\/faq\/","name":"FAQ - Dora Socks - Skarpety Damskie i M\u0119skie","isPartOf":{"@id":"https:\/\/dorasocks.com\/en\/#website"},"datePublished":"2023-03-31T17:23:30+00:00","dateModified":"2023-06-23T15:33:37+00:00","breadcrumb":{"@id":"https:\/\/dorasocks.com\/en\/faq\/#breadcrumb"},"inLanguage":"en-US","potentialAction":[{"@type":"ReadAction","target":["https:\/\/dorasocks.com\/en\/faq\/"]}]},{"@type":"BreadcrumbList","@id":"https:\/\/dorasocks.com\/en\/faq\/#breadcrumb","itemListElement":[{"@type":"ListItem","position":1,"name":"Strona g\u0142\u00f3wna","item":"https:\/\/dorasocks.com\/en\/"},{"@type":"ListItem","position":2,"name":"FAQ"}]},{"@type":"WebSite","@id":"https:\/\/dorasocks.com\/en\/#website","url":"https:\/\/dorasocks.com\/en\/","name":"Dora Socks - Skarpety Damskie i M\u0119skie","description":"Skarpety bawe\u0142niane, skarpety garniturowe, skarpety sportowe, skarpety bezuciskowe, skarpety medyczne. Projektowane i produkowane w Polsce!","publisher":{"@id":"https:\/\/dorasocks.com\/en\/#organization"},"potentialAction":[{"@type":"SearchAction","target":{"@type":"EntryPoint","urlTemplate":"https:\/\/dorasocks.com\/en\/?s={search_term_string}"},"query-input":{"@type":"PropertyValueSpecification","valueRequired":true,"valueName":"search_term_string"}}],"inLanguage":"en-US"},{"@type":"Organization","@id":"https:\/\/dorasocks.com\/en\/#organization","name":"Dora Socks - Skarpety Damskie i M\u0119skie","url":"https:\/\/dorasocks.com\/en\/","logo":{"@type":"ImageObject","inLanguage":"en-US","@id":"https:\/\/dorasocks.com\/en\/#\/schema\/logo\/image\/","url":"https:\/\/i0.wp.com\/dorasocks.com\/wp-content\/uploads\/2024\/09\/317077559_152852470823490_940726516288002852_n.jpg?fit=1946%2C1946&ssl=1","contentUrl":"https:\/\/i0.wp.com\/dorasocks.com\/wp-content\/uploads\/2024\/09\/317077559_152852470823490_940726516288002852_n.jpg?fit=1946%2C1946&ssl=1","width":1946,"height":1946,"caption":"Dora Socks - Skarpety Damskie i M\u0119skie"},"image":{"@id":"https:\/\/dorasocks.com\/en\/#\/schema\/logo\/image\/"},"sameAs":["https:\/\/www.facebook.com\/Dorasocksinfo"]}]}},"_links":{"self":[{"href":"https:\/\/dorasocks.com\/en\/wp-json\/wp\/v2\/pages\/12107","targetHints":{"allow":["GET"]}}],"collection":[{"href":"https:\/\/dorasocks.com\/en\/wp-json\/wp\/v2\/pages"}],"about":[{"href":"https:\/\/dorasocks.com\/en\/wp-json\/wp\/v2\/types\/page"}],"author":[{"embeddable":true,"href":"https:\/\/dorasocks.com\/en\/wp-json\/wp\/v2\/users\/1"}],"replies":[{"embeddable":true,"href":"https:\/\/dorasocks.com\/en\/wp-json\/wp\/v2\/comments?post=12107"}],"version-history":[{"count":1,"href":"https:\/\/dorasocks.com\/en\/wp-json\/wp\/v2\/pages\/12107\/revisions"}],"predecessor-version":[{"id":12108,"href":"https:\/\/dorasocks.com\/en\/wp-json\/wp\/v2\/pages\/12107\/revisions\/12108"}],"wp:attachment":[{"href":"https:\/\/dorasocks.com\/en\/wp-json\/wp\/v2\/media?parent=12107"}],"curies":[{"name":"wp","href":"https:\/\/api.w.org\/{rel}","templated":true}]}}