{"id":12114,"date":"2023-05-31T17:25:05","date_gmt":"2023-05-31T17:25:05","guid":{"rendered":"https:\/\/dorasocks.com\/partnership\/"},"modified":"2023-06-23T15:51:38","modified_gmt":"2023-06-23T15:51:38","slug":"partnership","status":"publish","type":"page","link":"https:\/\/dorasocks.com\/en\/partnership\/","title":{"rendered":"Partnership"},"content":{"rendered":"\t\t<div data-elementor-type=\"wp-page\" data-elementor-id=\"12114\" class=\"elementor elementor-12114 elementor-11403\">\n\t\t\t\t\t\t<section class=\"wd-negative-gap elementor-section elementor-top-section elementor-element elementor-element-eae5d5d elementor-section-content-middle elementor-section-boxed elementor-section-height-default elementor-section-height-default\" data-id=\"eae5d5d\" data-element_type=\"section\" data-e-type=\"section\" data-settings=\"{&quot;background_background&quot;:&quot;classic&quot;}\">\n\t\t\t\t\t\t<div class=\"elementor-container elementor-column-gap-default\">\n\t\t\t\t\t<div class=\"elementor-column elementor-col-50 elementor-top-column elementor-element elementor-element-f902a34\" data-id=\"f902a34\" data-element_type=\"column\" data-e-type=\"column\">\n\t\t\t<div class=\"elementor-widget-wrap elementor-element-populated\">\n\t\t\t\t\t\t<div class=\"elementor-element elementor-element-9d5434c elementor-widget elementor-widget-wd_image_or_svg\" data-id=\"9d5434c\" data-element_type=\"widget\" data-e-type=\"widget\" data-widget_type=\"wd_image_or_svg.default\">\n\t\t\t\t<div class=\"elementor-widget-container\">\n\t\t\t\t\t\n\t\t<div class=\"wd-image text-left\">\n\t\t\t\t\t\t\t\t<img decoding=\"async\" width=\"667\" height=\"1000\" src=\"https:\/\/dorasocks.com\/wp-content\/uploads\/2023\/05\/1000_F_487974795_LrCGh7MwXfd4UnTuqS0OLOiDfqMht0aJ.jpg\" class=\"attachment-full size-full\" alt=\"\" srcset=\"https:\/\/dorasocks.com\/wp-content\/uploads\/2023\/05\/1000_F_487974795_LrCGh7MwXfd4UnTuqS0OLOiDfqMht0aJ.jpg 667w, https:\/\/dorasocks.com\/wp-content\/uploads\/2023\/05\/1000_F_487974795_LrCGh7MwXfd4UnTuqS0OLOiDfqMht0aJ-200x300.jpg 200w, https:\/\/dorasocks.com\/wp-content\/uploads\/2023\/05\/1000_F_487974795_LrCGh7MwXfd4UnTuqS0OLOiDfqMht0aJ-150x225.jpg 150w\" sizes=\"(max-width: 667px) 100vw, 667px\" \/>\t\t\t\t\t<\/div>\n\n\t\t\t\t\t\t<\/div>\n\t\t\t\t<\/div>\n\t\t\t\t\t<\/div>\n\t\t<\/div>\n\t\t\t\t<div class=\"elementor-column elementor-col-50 elementor-top-column elementor-element elementor-element-8f0cafd\" data-id=\"8f0cafd\" data-element_type=\"column\" data-e-type=\"column\">\n\t\t\t<div class=\"elementor-widget-wrap elementor-element-populated\">\n\t\t\t\t\t\t<div class=\"elementor-element elementor-element-078de17 wd-width-100 elementor-widget elementor-widget-wd_title\" data-id=\"078de17\" data-element_type=\"widget\" data-e-type=\"widget\" data-widget_type=\"wd_title.default\">\n\t\t\t\t<div class=\"elementor-widget-container\">\n\t\t\t\t\t\t\t<div class=\"title-wrapper wd-set-mb reset-last-child wd-title-color-default wd-title-style-default wd-title-size-default text-left\">\n\n\t\t\t\n\t\t\t<div class=\"liner-continer\">\n\t\t\t\t<h4 class=\"woodmart-title-container title wd-fontsize-l\">Partnership<\/h4> \n\t\t\t\t\t\t\t<\/div>\n\n\t\t\t\t\t\t\t<div class=\"title-after_title reset-last-child wd-fontsize-xs\">\n\t\t\t\t\t<p>The DORA company carries out orders for companies, fan clubs, brands and advertising agencies, fitness clubs, for teams from the Network Marketing industry and individual clients. If you are looking for an interesting way to stand out with a great gadget and want to be remembered, you've come to the right place \ud83d\ude42<\/p><p>First, we accept an order for a project, prepare visualizations of the pattern and a price offer for you. When we make a sample version of the sock, you have the option of accepting it or making a correction.<\/p><p>We can prepare a pattern from scratch depending on the customer's needs. Your socks are made of combed yarn, or possibly bamboo yarn.<\/p>\t\t\t\t<\/div>\n\t\t\t\t\t<\/div>\n\t\t\t\t\t\t<\/div>\n\t\t\t\t<\/div>\n\t\t\t\t<div class=\"elementor-element elementor-element-54e939b wd-width-100 elementor-widget elementor-widget-wd_title\" data-id=\"54e939b\" data-element_type=\"widget\" data-e-type=\"widget\" data-widget_type=\"wd_title.default\">\n\t\t\t\t<div class=\"elementor-widget-container\">\n\t\t\t\t\t\t\t<div class=\"title-wrapper wd-set-mb reset-last-child wd-title-color-default wd-title-style-default wd-title-size-default text-left\">\n\n\t\t\t\n\t\t\t<div class=\"liner-continer\">\n\t\t\t\t<h4 class=\"woodmart-title-container title wd-fontsize-l\">We make socks:<\/h4> \n\t\t\t\t\t\t\t<\/div>\n\n\t\t\t\t\t<\/div>\n\t\t\t\t\t\t<\/div>\n\t\t\t\t<\/div>\n\t\t\t\t<div class=\"elementor-element elementor-element-24e7109 elementor-widget elementor-widget-wd_list\" data-id=\"24e7109\" data-element_type=\"widget\" data-e-type=\"widget\" data-widget_type=\"wd_list.default\">\n\t\t\t\t<div class=\"elementor-widget-container\">\n\t\t\t\t\t\t\t<ul class=\"wd-list color-scheme- wd-fontsize-xs wd-type-icon wd-style-default text-left\">\n\t\t\t\t\t\t\t\t\t\t\t<li class=\"elementor-repeater-item-82c6207\">\n\t\t\t\t\t\t\t\t\t\t\t<span class=\"wd-icon\"><span class=\"fas fa-tag\"><\/span><\/span>\t\t\t\t\t\n\t\t\t\t\t<span class=\"wd-list-content list-content\">\n\t\t\t\t\t\t\t\t\t\t\t\t\tLiner Socks\t\t\t\t\t\t\t\t\t\t\t<\/span>\n\t\t\t\t<\/li>\n\t\t\t\t\t\t\t\t\t\t\t<li class=\"elementor-repeater-item-9e739e7\">\n\t\t\t\t\t\t\t\t\t\t\t<span class=\"wd-icon\"><span class=\"fas fa-tag\"><\/span><\/span>\t\t\t\t\t\n\t\t\t\t\t<span class=\"wd-list-content list-content\">\n\t\t\t\t\t\t\t\t\t\t\t\t\t\u00be Socks\t\t\t\t\t\t\t\t\t\t\t<\/span>\n\t\t\t\t<\/li>\n\t\t\t\t\t\t\t\t\t\t\t<li class=\"elementor-repeater-item-07298e3\">\n\t\t\t\t\t\t\t\t\t\t\t<span class=\"wd-icon\"><span class=\"fas fa-tag\"><\/span><\/span>\t\t\t\t\t\n\t\t\t\t\t<span class=\"wd-list-content list-content\">\n\t\t\t\t\t\t\t\t\t\t\t\t\tSport socks with various patterns <br>(with additional welt in the foot)\t\t\t\t\t\t\t\t\t\t\t<\/span>\n\t\t\t\t<\/li>\n\t\t\t\t\t\t\t\t\t\t\t<li class=\"elementor-repeater-item-909c141\">\n\t\t\t\t\t\t\t\t\t\t\t<span class=\"wd-icon\"><span class=\"fas fa-tag\"><\/span><\/span>\t\t\t\t\t\n\t\t\t\t\t<span class=\"wd-list-content list-content\">\n\t\t\t\t\t\t\t\t\t\t\t\t\tClassic socks\t\t\t\t\t\t\t\t\t\t\t<\/span>\n\t\t\t\t<\/li>\n\t\t\t\t\t\t\t\t\t\t\t<li class=\"elementor-repeater-item-2a69537\">\n\t\t\t\t\t\t\t\t\t\t\t<span class=\"wd-icon\"><span class=\"fas fa-tag\"><\/span><\/span>\t\t\t\t\t\n\t\t\t\t\t<span class=\"wd-list-content list-content\">\n\t\t\t\t\t\t\t\t\t\t\t\t\tPlain suit socks\t\t\t\t\t\t\t\t\t\t\t<\/span>\n\t\t\t\t<\/li>\n\t\t\t\t\t<\/ul>\n\n\t\t\t\t\t\t<\/div>\n\t\t\t\t<\/div>\n\t\t\t\t\t<\/div>\n\t\t<\/div>\n\t\t\t\t\t<\/div>\n\t\t<\/section>\n\t\t\t\t<section class=\"wd-negative-gap elementor-section elementor-top-section elementor-element elementor-element-a579e44 elementor-section-boxed elementor-section-height-default elementor-section-height-default\" data-id=\"a579e44\" data-element_type=\"section\" data-e-type=\"section\">\n\t\t\t\t\t\t<div class=\"elementor-container elementor-column-gap-default\">\n\t\t\t\t\t<div class=\"elementor-column elementor-col-33 elementor-top-column elementor-element elementor-element-8acbb7f\" data-id=\"8acbb7f\" data-element_type=\"column\" data-e-type=\"column\">\n\t\t\t<div class=\"elementor-widget-wrap elementor-element-populated\">\n\t\t\t\t\t\t<div class=\"elementor-element elementor-element-c7e515d elementor-widget elementor-widget-wd_infobox\" data-id=\"c7e515d\" data-element_type=\"widget\" data-e-type=\"widget\" data-widget_type=\"wd_infobox.default\">\n\t\t\t\t<div class=\"elementor-widget-container\">\n\t\t\t\t\t\t\t<div class=\"info-box-wrapper\">\n\t\t\t<div class=\"wd-info-box text-left box-icon-align-top box-style-base color-scheme-\">\n\t\t\t\t\n\t\t\t\t<div class=\"info-box-content\">\n\t\t\t\t\t\n\t\t\t\t\t\t\t\t\t\t\t<h4\t\t\t\t\t\tclass=\"info-box-title title box-title-style-default wd-fontsize-m\" data-elementor-setting-key=\"title\">\n\t\t\t\t\t\t\t\tShop address\t\t\t\t\t\t<\/h4>\n\t\t\t\t\t\n\t\t\t\t\t<div class=\"info-box-inner reset-last-child\"data-elementor-setting-key=\"content\"><p><strong>P.P.H. \u201d DORA \u201eDorota Balcerek<\/strong><\/p>\n<p><span style=\"color: ;\"><em>Zgni\u0142e B\u0142oto 23b, 95-070 Aleksandr\u00f3w \u0141\u00f3dzki<\/em><\/span><\/p>\n<\/div>\n\n\t\t\t\t\t\t\t\t\t<\/div>\n\n\t\t\t\t\t\t\t<\/div>\n\t\t<\/div>\n\t\t\t\t\t\t<\/div>\n\t\t\t\t<\/div>\n\t\t\t\t\t<\/div>\n\t\t<\/div>\n\t\t\t\t<div class=\"elementor-column elementor-col-33 elementor-top-column elementor-element elementor-element-c391959\" data-id=\"c391959\" data-element_type=\"column\" data-e-type=\"column\">\n\t\t\t<div class=\"elementor-widget-wrap elementor-element-populated\">\n\t\t\t\t\t\t<div class=\"elementor-element elementor-element-c25c6ac elementor-widget elementor-widget-wd_infobox\" data-id=\"c25c6ac\" data-element_type=\"widget\" data-e-type=\"widget\" data-widget_type=\"wd_infobox.default\">\n\t\t\t\t<div class=\"elementor-widget-container\">\n\t\t\t\t\t\t\t<div class=\"info-box-wrapper\">\n\t\t\t<div class=\"wd-info-box text-left box-icon-align-top box-style-base color-scheme-\">\n\t\t\t\t\n\t\t\t\t<div class=\"info-box-content\">\n\t\t\t\t\t\n\t\t\t\t\t\t\t\t\t\t\t<h4\t\t\t\t\t\tclass=\"info-box-title title box-title-style-default wd-fontsize-m\" data-elementor-setting-key=\"title\">\n\t\t\t\t\t\t\t\tContact details\t\t\t\t\t\t<\/h4>\n\t\t\t\t\t\n\t\t\t\t\t<div class=\"info-box-inner reset-last-child\"data-elementor-setting-key=\"content\"><p><span style=\"color: #242424;\"><strong>Email:<\/strong><\/span> <em>contact@dorasocks.com<\/em><\/p>\n<p><span style=\"color: #242424;\"><strong>Phone:<\/strong><\/span> <em>(+48) 669 065 633<\/em><br \/>\n<span style=\"color: #242424;\"><strong>Phone:<\/strong><\/span> <em>(+48) 694 947 396<\/em><\/p>\n<\/div>\n\n\t\t\t\t\t\t\t\t\t<\/div>\n\n\t\t\t\t\t\t\t<\/div>\n\t\t<\/div>\n\t\t\t\t\t\t<\/div>\n\t\t\t\t<\/div>\n\t\t\t\t\t<\/div>\n\t\t<\/div>\n\t\t\t\t<div class=\"elementor-column elementor-col-33 elementor-top-column elementor-element elementor-element-8289d30\" data-id=\"8289d30\" data-element_type=\"column\" data-e-type=\"column\">\n\t\t\t<div class=\"elementor-widget-wrap elementor-element-populated\">\n\t\t\t\t\t\t<div class=\"elementor-element elementor-element-837c6d8 elementor-widget elementor-widget-wd_infobox\" data-id=\"837c6d8\" data-element_type=\"widget\" data-e-type=\"widget\" data-widget_type=\"wd_infobox.default\">\n\t\t\t\t<div class=\"elementor-widget-container\">\n\t\t\t\t\t\t\t<div class=\"info-box-wrapper\">\n\t\t\t<div class=\"wd-info-box text-left box-icon-align-top box-style-base color-scheme-\">\n\t\t\t\t\n\t\t\t\t<div class=\"info-box-content\">\n\t\t\t\t\t\n\t\t\t\t\t\t\t\t\t\t\t<h4\t\t\t\t\t\tclass=\"info-box-title title box-title-style-default wd-fontsize-m\" data-elementor-setting-key=\"title\">\n\t\t\t\t\t\t\t\tSocial media\t\t\t\t\t\t<\/h4>\n\t\t\t\t\t\n\t\t\t\t\t<div class=\"info-box-inner reset-last-child\"data-elementor-setting-key=\"content\"><ul class=\"social-list\">\n<li><a class=\"elementor-icon elementor-social-icon elementor-social-icon-facebook\" href=\"https:\/\/www.facebook.com\/Dorasocksinfo\" target=\"_blank\"><span class=\"elementor-screen-only\">Facebook<\/span><br \/>\n<i class=\"fab fa-facebook\"><\/i><\/a><\/li>\n<li><a class=\"elementor-icon elementor-social-icon elementor-social-icon-instagram\" href=\"https:\/\/www.instagram.com\/przedsiebiorczy_tata1\/\" target=\"_blank\"><span class=\"elementor-screen-only\">Instagram<\/span><i class=\"fab fa-instagram\"><\/i>\t\t\t\t\t<\/a><\/li>\n<\/ul>\n<\/div>\n\n\t\t\t\t\t\t\t\t\t<\/div>\n\n\t\t\t\t\t\t\t<\/div>\n\t\t<\/div>\n\t\t\t\t\t\t<\/div>\n\t\t\t\t<\/div>\n\t\t\t\t\t<\/div>\n\t\t<\/div>\n\t\t\t\t\t<\/div>\n\t\t<\/section>\n\t\t\t\t<\/div>\n\t\t","protected":false},"excerpt":{"rendered":"<p>Partnership The DORA company carries out orders for companies, fan clubs, brands and advertising agencies, fitness clubs, for teams from<\/p>\n","protected":false},"author":1,"featured_media":0,"parent":0,"menu_order":0,"comment_status":"closed","ping_status":"closed","template":"","meta":{"footnotes":""},"class_list":["post-12114","page","type-page","status-publish","hentry"],"yoast_head":"<!-- This site is optimized with the Yoast SEO plugin v27.1.1 - https:\/\/yoast.com\/product\/yoast-seo-wordpress\/ -->\n<title>Partnership - Dora Socks - Skarpety Damskie i M\u0119skie<\/title>\n<meta name=\"robots\" content=\"index, follow, max-snippet:-1, max-image-preview:large, max-video-preview:-1\" \/>\n<link rel=\"canonical\" href=\"https:\/\/dorasocks.com\/en\/partnership\/\" \/>\n<meta property=\"og:locale\" content=\"en_US\" \/>\n<meta property=\"og:type\" content=\"article\" \/>\n<meta property=\"og:title\" content=\"Partnership - Dora Socks - Skarpety Damskie i M\u0119skie\" \/>\n<meta property=\"og:description\" content=\"Partnership The DORA company carries out orders for companies, fan clubs, brands and advertising agencies, fitness clubs, for teams from\" \/>\n<meta property=\"og:url\" content=\"https:\/\/dorasocks.com\/en\/partnership\/\" \/>\n<meta property=\"og:site_name\" content=\"Dora Socks - Skarpety Damskie i M\u0119skie\" \/>\n<meta property=\"article:publisher\" content=\"https:\/\/www.facebook.com\/Dorasocksinfo\" \/>\n<meta property=\"article:modified_time\" content=\"2023-06-23T15:51:38+00:00\" \/>\n<meta property=\"og:image\" content=\"http:\/\/dorasocks.com\/wp-content\/uploads\/2023\/05\/1000_F_487974795_LrCGh7MwXfd4UnTuqS0OLOiDfqMht0aJ.jpg\" \/>\n<meta name=\"twitter:card\" content=\"summary_large_image\" \/>\n<meta name=\"twitter:label1\" content=\"Est. reading time\" \/>\n\t<meta name=\"twitter:data1\" content=\"1 minute\" \/>\n<script type=\"application\/ld+json\" class=\"yoast-schema-graph\">{\"@context\":\"https:\/\/schema.org\",\"@graph\":[{\"@type\":\"WebPage\",\"@id\":\"https:\/\/dorasocks.com\/en\/partnership\/\",\"url\":\"https:\/\/dorasocks.com\/en\/partnership\/\",\"name\":\"Partnership - Dora Socks - Skarpety Damskie i M\u0119skie\",\"isPartOf\":{\"@id\":\"https:\/\/dorasocks.com\/en\/#website\"},\"primaryImageOfPage\":{\"@id\":\"https:\/\/dorasocks.com\/en\/partnership\/#primaryimage\"},\"image\":{\"@id\":\"https:\/\/dorasocks.com\/en\/partnership\/#primaryimage\"},\"thumbnailUrl\":\"http:\/\/dorasocks.com\/wp-content\/uploads\/2023\/05\/1000_F_487974795_LrCGh7MwXfd4UnTuqS0OLOiDfqMht0aJ.jpg\",\"datePublished\":\"2023-05-31T17:25:05+00:00\",\"dateModified\":\"2023-06-23T15:51:38+00:00\",\"breadcrumb\":{\"@id\":\"https:\/\/dorasocks.com\/en\/partnership\/#breadcrumb\"},\"inLanguage\":\"en-US\",\"potentialAction\":[{\"@type\":\"ReadAction\",\"target\":[\"https:\/\/dorasocks.com\/en\/partnership\/\"]}]},{\"@type\":\"ImageObject\",\"inLanguage\":\"en-US\",\"@id\":\"https:\/\/dorasocks.com\/en\/partnership\/#primaryimage\",\"url\":\"http:\/\/dorasocks.com\/wp-content\/uploads\/2023\/05\/1000_F_487974795_LrCGh7MwXfd4UnTuqS0OLOiDfqMht0aJ.jpg\",\"contentUrl\":\"http:\/\/dorasocks.com\/wp-content\/uploads\/2023\/05\/1000_F_487974795_LrCGh7MwXfd4UnTuqS0OLOiDfqMht0aJ.jpg\"},{\"@type\":\"BreadcrumbList\",\"@id\":\"https:\/\/dorasocks.com\/en\/partnership\/#breadcrumb\",\"itemListElement\":[{\"@type\":\"ListItem\",\"position\":1,\"name\":\"Strona g\u0142\u00f3wna\",\"item\":\"https:\/\/dorasocks.com\/en\/\"},{\"@type\":\"ListItem\",\"position\":2,\"name\":\"Partnership\"}]},{\"@type\":\"WebSite\",\"@id\":\"https:\/\/dorasocks.com\/en\/#website\",\"url\":\"https:\/\/dorasocks.com\/en\/\",\"name\":\"Dora Socks - Skarpety Damskie i M\u0119skie\",\"description\":\"Skarpety bawe\u0142niane, skarpety garniturowe, skarpety sportowe, skarpety bezuciskowe, skarpety medyczne. Projektowane i produkowane w Polsce!\",\"publisher\":{\"@id\":\"https:\/\/dorasocks.com\/en\/#organization\"},\"potentialAction\":[{\"@type\":\"SearchAction\",\"target\":{\"@type\":\"EntryPoint\",\"urlTemplate\":\"https:\/\/dorasocks.com\/en\/?s={search_term_string}\"},\"query-input\":{\"@type\":\"PropertyValueSpecification\",\"valueRequired\":true,\"valueName\":\"search_term_string\"}}],\"inLanguage\":\"en-US\"},{\"@type\":\"Organization\",\"@id\":\"https:\/\/dorasocks.com\/en\/#organization\",\"name\":\"Dora Socks - Skarpety Damskie i M\u0119skie\",\"url\":\"https:\/\/dorasocks.com\/en\/\",\"logo\":{\"@type\":\"ImageObject\",\"inLanguage\":\"en-US\",\"@id\":\"https:\/\/dorasocks.com\/en\/#\/schema\/logo\/image\/\",\"url\":\"https:\/\/i0.wp.com\/dorasocks.com\/wp-content\/uploads\/2024\/09\/317077559_152852470823490_940726516288002852_n.jpg?fit=1946%2C1946&ssl=1\",\"contentUrl\":\"https:\/\/i0.wp.com\/dorasocks.com\/wp-content\/uploads\/2024\/09\/317077559_152852470823490_940726516288002852_n.jpg?fit=1946%2C1946&ssl=1\",\"width\":1946,\"height\":1946,\"caption\":\"Dora Socks - Skarpety Damskie i M\u0119skie\"},\"image\":{\"@id\":\"https:\/\/dorasocks.com\/en\/#\/schema\/logo\/image\/\"},\"sameAs\":[\"https:\/\/www.facebook.com\/Dorasocksinfo\"]}]}<\/script>\n<!-- \/ Yoast SEO plugin. -->","yoast_head_json":{"title":"Partnership - Dora Socks - Skarpety Damskie i M\u0119skie","robots":{"index":"index","follow":"follow","max-snippet":"max-snippet:-1","max-image-preview":"max-image-preview:large","max-video-preview":"max-video-preview:-1"},"canonical":"https:\/\/dorasocks.com\/en\/partnership\/","og_locale":"en_US","og_type":"article","og_title":"Partnership - Dora Socks - Skarpety Damskie i M\u0119skie","og_description":"Partnership The DORA company carries out orders for companies, fan clubs, brands and advertising agencies, fitness clubs, for teams from","og_url":"https:\/\/dorasocks.com\/en\/partnership\/","og_site_name":"Dora Socks - Skarpety Damskie i M\u0119skie","article_publisher":"https:\/\/www.facebook.com\/Dorasocksinfo","article_modified_time":"2023-06-23T15:51:38+00:00","og_image":[{"url":"http:\/\/dorasocks.com\/wp-content\/uploads\/2023\/05\/1000_F_487974795_LrCGh7MwXfd4UnTuqS0OLOiDfqMht0aJ.jpg","type":"","width":"","height":""}],"twitter_card":"summary_large_image","twitter_misc":{"Est. reading time":"1 minute"},"schema":{"@context":"https:\/\/schema.org","@graph":[{"@type":"WebPage","@id":"https:\/\/dorasocks.com\/en\/partnership\/","url":"https:\/\/dorasocks.com\/en\/partnership\/","name":"Partnership - Dora Socks - Skarpety Damskie i M\u0119skie","isPartOf":{"@id":"https:\/\/dorasocks.com\/en\/#website"},"primaryImageOfPage":{"@id":"https:\/\/dorasocks.com\/en\/partnership\/#primaryimage"},"image":{"@id":"https:\/\/dorasocks.com\/en\/partnership\/#primaryimage"},"thumbnailUrl":"http:\/\/dorasocks.com\/wp-content\/uploads\/2023\/05\/1000_F_487974795_LrCGh7MwXfd4UnTuqS0OLOiDfqMht0aJ.jpg","datePublished":"2023-05-31T17:25:05+00:00","dateModified":"2023-06-23T15:51:38+00:00","breadcrumb":{"@id":"https:\/\/dorasocks.com\/en\/partnership\/#breadcrumb"},"inLanguage":"en-US","potentialAction":[{"@type":"ReadAction","target":["https:\/\/dorasocks.com\/en\/partnership\/"]}]},{"@type":"ImageObject","inLanguage":"en-US","@id":"https:\/\/dorasocks.com\/en\/partnership\/#primaryimage","url":"http:\/\/dorasocks.com\/wp-content\/uploads\/2023\/05\/1000_F_487974795_LrCGh7MwXfd4UnTuqS0OLOiDfqMht0aJ.jpg","contentUrl":"http:\/\/dorasocks.com\/wp-content\/uploads\/2023\/05\/1000_F_487974795_LrCGh7MwXfd4UnTuqS0OLOiDfqMht0aJ.jpg"},{"@type":"BreadcrumbList","@id":"https:\/\/dorasocks.com\/en\/partnership\/#breadcrumb","itemListElement":[{"@type":"ListItem","position":1,"name":"Strona g\u0142\u00f3wna","item":"https:\/\/dorasocks.com\/en\/"},{"@type":"ListItem","position":2,"name":"Partnership"}]},{"@type":"WebSite","@id":"https:\/\/dorasocks.com\/en\/#website","url":"https:\/\/dorasocks.com\/en\/","name":"Dora Socks - Skarpety Damskie i M\u0119skie","description":"Skarpety bawe\u0142niane, skarpety garniturowe, skarpety sportowe, skarpety bezuciskowe, skarpety medyczne. Projektowane i produkowane w Polsce!","publisher":{"@id":"https:\/\/dorasocks.com\/en\/#organization"},"potentialAction":[{"@type":"SearchAction","target":{"@type":"EntryPoint","urlTemplate":"https:\/\/dorasocks.com\/en\/?s={search_term_string}"},"query-input":{"@type":"PropertyValueSpecification","valueRequired":true,"valueName":"search_term_string"}}],"inLanguage":"en-US"},{"@type":"Organization","@id":"https:\/\/dorasocks.com\/en\/#organization","name":"Dora Socks - Skarpety Damskie i M\u0119skie","url":"https:\/\/dorasocks.com\/en\/","logo":{"@type":"ImageObject","inLanguage":"en-US","@id":"https:\/\/dorasocks.com\/en\/#\/schema\/logo\/image\/","url":"https:\/\/i0.wp.com\/dorasocks.com\/wp-content\/uploads\/2024\/09\/317077559_152852470823490_940726516288002852_n.jpg?fit=1946%2C1946&ssl=1","contentUrl":"https:\/\/i0.wp.com\/dorasocks.com\/wp-content\/uploads\/2024\/09\/317077559_152852470823490_940726516288002852_n.jpg?fit=1946%2C1946&ssl=1","width":1946,"height":1946,"caption":"Dora Socks - Skarpety Damskie i M\u0119skie"},"image":{"@id":"https:\/\/dorasocks.com\/en\/#\/schema\/logo\/image\/"},"sameAs":["https:\/\/www.facebook.com\/Dorasocksinfo"]}]}},"_links":{"self":[{"href":"https:\/\/dorasocks.com\/en\/wp-json\/wp\/v2\/pages\/12114","targetHints":{"allow":["GET"]}}],"collection":[{"href":"https:\/\/dorasocks.com\/en\/wp-json\/wp\/v2\/pages"}],"about":[{"href":"https:\/\/dorasocks.com\/en\/wp-json\/wp\/v2\/types\/page"}],"author":[{"embeddable":true,"href":"https:\/\/dorasocks.com\/en\/wp-json\/wp\/v2\/users\/1"}],"replies":[{"embeddable":true,"href":"https:\/\/dorasocks.com\/en\/wp-json\/wp\/v2\/comments?post=12114"}],"version-history":[{"count":1,"href":"https:\/\/dorasocks.com\/en\/wp-json\/wp\/v2\/pages\/12114\/revisions"}],"predecessor-version":[{"id":12115,"href":"https:\/\/dorasocks.com\/en\/wp-json\/wp\/v2\/pages\/12114\/revisions\/12115"}],"wp:attachment":[{"href":"https:\/\/dorasocks.com\/en\/wp-json\/wp\/v2\/media?parent=12114"}],"curies":[{"name":"wp","href":"https:\/\/api.w.org\/{rel}","templated":true}]}}