{"id":10323,"date":"2023-05-19T11:58:45","date_gmt":"2023-05-19T11:58:45","guid":{"rendered":"https:\/\/dorasocks.com\/?post_type=product&#038;p=10323"},"modified":"2026-03-01T11:49:49","modified_gmt":"2026-03-01T11:49:49","slug":"skarpety-garniturowe-ciemny-szary","status":"publish","type":"product","link":"https:\/\/dorasocks.com\/en\/product\/skarpety-garniturowe-ciemny-szary\/","title":{"rendered":"Skarpety garniturowe ciemny szary"},"content":{"rendered":"<h1>Skarpety garniturowe ciemny szary<\/h1>\n<h5>Skarpety garniturowe w kolorze ciemnoszarym \u2013 bo klasyka nie musi by\u0107 nudna! \ud83d\udd74\ufe0f\ud83c\udf2a\ufe0f Idealne dla tych, kt\u00f3rzy ceni\u0105 elegancj\u0119, ale lubi\u0105 te\u017c odrobin\u0119 tajemniczo\u015bci. Ciemny szary pasuje do ka\u017cdego garnituru i ka\u017cdej okazji \u2013 od \u015blub\u00f3w po negocjacje o ostatni kawa\u0142ek pizzy. Komfort? Jakby Twoje stopy siedzia\u0142y w lo\u017cy VIP!<\/h5>\n","protected":false},"excerpt":{"rendered":"<p>Skarpety garniturowe ciemny szary Skarpety garniturowe w kolorze ciemnoszarym \u2013 bo klasyka nie musi by\u0107 nudna! \ud83d\udd74\ufe0f\ud83c\udf2a\ufe0f Idealne dla tych,<\/p>\n","protected":false},"featured_media":13255,"comment_status":"closed","ping_status":"closed","template":"","meta":[],"product_brand":[],"product_cat":[166,350],"product_tag":[],"class_list":{"0":"post-10323","1":"product","2":"type-product","3":"status-publish","4":"has-post-thumbnail","6":"product_cat-meskie","7":"product_cat-garniturowe","9":"first","10":"instock","11":"purchasable","12":"product-type-variable"},"yoast_head":"<!-- This site is optimized with the Yoast SEO plugin v27.1.1 - https:\/\/yoast.com\/product\/yoast-seo-wordpress\/ -->\n<title>Skarpety garniturowe ciemny szary - Dora Socks - Skarpety Damskie i M\u0119skie<\/title>\n<meta name=\"description\" content=\"Skarpety garniturowe ciemnoszare \u2013 eleganckie, wygodne i idealne do ka\u017cdej formalnej stylizacji. Ponadczasowa klasyka z nut\u0105 stylu.\" \/>\n<meta name=\"robots\" content=\"index, follow, max-snippet:-1, max-image-preview:large, max-video-preview:-1\" \/>\n<link rel=\"canonical\" href=\"https:\/\/dorasocks.com\/produkt\/skarpety-garniturowe-ciemny-szary\/\" \/>\n<meta property=\"og:locale\" content=\"en_US\" \/>\n<meta property=\"og:type\" content=\"article\" \/>\n<meta property=\"og:title\" content=\"Skarpety garniturowe ciemny szary - Dora Socks - Skarpety Damskie i M\u0119skie\" \/>\n<meta property=\"og:description\" content=\"Skarpety garniturowe ciemnoszare \u2013 eleganckie, wygodne i idealne do ka\u017cdej formalnej stylizacji. Ponadczasowa klasyka z nut\u0105 stylu.\" \/>\n<meta property=\"og:url\" content=\"https:\/\/dorasocks.com\/produkt\/skarpety-garniturowe-ciemny-szary\/\" \/>\n<meta property=\"og:site_name\" content=\"Dora Socks - Skarpety Damskie i M\u0119skie\" \/>\n<meta property=\"article:publisher\" content=\"https:\/\/www.facebook.com\/Dorasocksinfo\" \/>\n<meta property=\"article:modified_time\" content=\"2026-03-01T11:49:49+00:00\" \/>\n<meta property=\"og:image\" content=\"https:\/\/dorasocks.com\/wp-content\/uploads\/2023\/05\/ciemny-szary.webp\" \/>\n\t<meta property=\"og:image:width\" content=\"1200\" \/>\n\t<meta property=\"og:image:height\" content=\"1200\" \/>\n\t<meta property=\"og:image:type\" content=\"image\/webp\" \/>\n<meta name=\"twitter:card\" content=\"summary_large_image\" \/>\n<meta name=\"twitter:label1\" content=\"Est. reading time\" \/>\n\t<meta name=\"twitter:data1\" content=\"1 minute\" \/>\n<script type=\"application\/ld+json\" class=\"yoast-schema-graph\">{\"@context\":\"https:\/\/schema.org\",\"@graph\":[{\"@type\":\"WebPage\",\"@id\":\"https:\/\/dorasocks.com\/produkt\/skarpety-garniturowe-ciemny-szary\/\",\"url\":\"https:\/\/dorasocks.com\/produkt\/skarpety-garniturowe-ciemny-szary\/\",\"name\":\"Skarpety garniturowe ciemny szary - Dora Socks - Skarpety Damskie i M\u0119skie\",\"isPartOf\":{\"@id\":\"https:\/\/dorasocks.com\/en\/#website\"},\"primaryImageOfPage\":{\"@id\":\"https:\/\/dorasocks.com\/produkt\/skarpety-garniturowe-ciemny-szary\/#primaryimage\"},\"image\":{\"@id\":\"https:\/\/dorasocks.com\/produkt\/skarpety-garniturowe-ciemny-szary\/#primaryimage\"},\"thumbnailUrl\":\"https:\/\/dorasocks.com\/wp-content\/uploads\/2023\/05\/ciemny-szary.webp\",\"datePublished\":\"2023-05-19T11:58:45+00:00\",\"dateModified\":\"2026-03-01T11:49:49+00:00\",\"description\":\"Skarpety garniturowe ciemnoszare \u2013 eleganckie, wygodne i idealne do ka\u017cdej formalnej stylizacji. Ponadczasowa klasyka z nut\u0105 stylu.\",\"breadcrumb\":{\"@id\":\"https:\/\/dorasocks.com\/produkt\/skarpety-garniturowe-ciemny-szary\/#breadcrumb\"},\"inLanguage\":\"en-US\",\"potentialAction\":[{\"@type\":\"ReadAction\",\"target\":[\"https:\/\/dorasocks.com\/produkt\/skarpety-garniturowe-ciemny-szary\/\"]}]},{\"@type\":\"ImageObject\",\"inLanguage\":\"en-US\",\"@id\":\"https:\/\/dorasocks.com\/produkt\/skarpety-garniturowe-ciemny-szary\/#primaryimage\",\"url\":\"https:\/\/dorasocks.com\/wp-content\/uploads\/2023\/05\/ciemny-szary.webp\",\"contentUrl\":\"https:\/\/dorasocks.com\/wp-content\/uploads\/2023\/05\/ciemny-szary.webp\",\"width\":1200,\"height\":1200},{\"@type\":\"BreadcrumbList\",\"@id\":\"https:\/\/dorasocks.com\/produkt\/skarpety-garniturowe-ciemny-szary\/#breadcrumb\",\"itemListElement\":[{\"@type\":\"ListItem\",\"position\":1,\"name\":\"Strona g\u0142\u00f3wna\",\"item\":\"https:\/\/dorasocks.com\/en\/\"},{\"@type\":\"ListItem\",\"position\":2,\"name\":\"Shop\",\"item\":\"https:\/\/dorasocks.com\/en\/shop\/\"},{\"@type\":\"ListItem\",\"position\":3,\"name\":\"Skarpety garniturowe ciemny szary\"}]},{\"@type\":\"WebSite\",\"@id\":\"https:\/\/dorasocks.com\/en\/#website\",\"url\":\"https:\/\/dorasocks.com\/en\/\",\"name\":\"Dora Socks - Skarpety Damskie i M\u0119skie\",\"description\":\"Skarpety bawe\u0142niane, skarpety garniturowe, skarpety sportowe, skarpety bezuciskowe, skarpety medyczne. Projektowane i produkowane w Polsce!\",\"publisher\":{\"@id\":\"https:\/\/dorasocks.com\/en\/#organization\"},\"potentialAction\":[{\"@type\":\"SearchAction\",\"target\":{\"@type\":\"EntryPoint\",\"urlTemplate\":\"https:\/\/dorasocks.com\/en\/?s={search_term_string}\"},\"query-input\":{\"@type\":\"PropertyValueSpecification\",\"valueRequired\":true,\"valueName\":\"search_term_string\"}}],\"inLanguage\":\"en-US\"},{\"@type\":\"Organization\",\"@id\":\"https:\/\/dorasocks.com\/en\/#organization\",\"name\":\"Dora Socks - Skarpety Damskie i M\u0119skie\",\"url\":\"https:\/\/dorasocks.com\/en\/\",\"logo\":{\"@type\":\"ImageObject\",\"inLanguage\":\"en-US\",\"@id\":\"https:\/\/dorasocks.com\/en\/#\/schema\/logo\/image\/\",\"url\":\"https:\/\/i0.wp.com\/dorasocks.com\/wp-content\/uploads\/2024\/09\/317077559_152852470823490_940726516288002852_n.jpg?fit=1946%2C1946&ssl=1\",\"contentUrl\":\"https:\/\/i0.wp.com\/dorasocks.com\/wp-content\/uploads\/2024\/09\/317077559_152852470823490_940726516288002852_n.jpg?fit=1946%2C1946&ssl=1\",\"width\":1946,\"height\":1946,\"caption\":\"Dora Socks - Skarpety Damskie i M\u0119skie\"},\"image\":{\"@id\":\"https:\/\/dorasocks.com\/en\/#\/schema\/logo\/image\/\"},\"sameAs\":[\"https:\/\/www.facebook.com\/Dorasocksinfo\"]}]}<\/script>\n<!-- \/ Yoast SEO plugin. -->","yoast_head_json":{"title":"Skarpety garniturowe ciemny szary - Dora Socks - Skarpety Damskie i M\u0119skie","description":"Skarpety garniturowe ciemnoszare \u2013 eleganckie, wygodne i idealne do ka\u017cdej formalnej stylizacji. Ponadczasowa klasyka z nut\u0105 stylu.","robots":{"index":"index","follow":"follow","max-snippet":"max-snippet:-1","max-image-preview":"max-image-preview:large","max-video-preview":"max-video-preview:-1"},"canonical":"https:\/\/dorasocks.com\/produkt\/skarpety-garniturowe-ciemny-szary\/","og_locale":"en_US","og_type":"article","og_title":"Skarpety garniturowe ciemny szary - Dora Socks - Skarpety Damskie i M\u0119skie","og_description":"Skarpety garniturowe ciemnoszare \u2013 eleganckie, wygodne i idealne do ka\u017cdej formalnej stylizacji. Ponadczasowa klasyka z nut\u0105 stylu.","og_url":"https:\/\/dorasocks.com\/produkt\/skarpety-garniturowe-ciemny-szary\/","og_site_name":"Dora Socks - Skarpety Damskie i M\u0119skie","article_publisher":"https:\/\/www.facebook.com\/Dorasocksinfo","article_modified_time":"2026-03-01T11:49:49+00:00","og_image":[{"width":1200,"height":1200,"url":"https:\/\/dorasocks.com\/wp-content\/uploads\/2023\/05\/ciemny-szary.webp","type":"image\/webp"}],"twitter_card":"summary_large_image","twitter_misc":{"Est. reading time":"1 minute"},"schema":{"@context":"https:\/\/schema.org","@graph":[{"@type":"WebPage","@id":"https:\/\/dorasocks.com\/produkt\/skarpety-garniturowe-ciemny-szary\/","url":"https:\/\/dorasocks.com\/produkt\/skarpety-garniturowe-ciemny-szary\/","name":"Skarpety garniturowe ciemny szary - Dora Socks - Skarpety Damskie i M\u0119skie","isPartOf":{"@id":"https:\/\/dorasocks.com\/en\/#website"},"primaryImageOfPage":{"@id":"https:\/\/dorasocks.com\/produkt\/skarpety-garniturowe-ciemny-szary\/#primaryimage"},"image":{"@id":"https:\/\/dorasocks.com\/produkt\/skarpety-garniturowe-ciemny-szary\/#primaryimage"},"thumbnailUrl":"https:\/\/dorasocks.com\/wp-content\/uploads\/2023\/05\/ciemny-szary.webp","datePublished":"2023-05-19T11:58:45+00:00","dateModified":"2026-03-01T11:49:49+00:00","description":"Skarpety garniturowe ciemnoszare \u2013 eleganckie, wygodne i idealne do ka\u017cdej formalnej stylizacji. Ponadczasowa klasyka z nut\u0105 stylu.","breadcrumb":{"@id":"https:\/\/dorasocks.com\/produkt\/skarpety-garniturowe-ciemny-szary\/#breadcrumb"},"inLanguage":"en-US","potentialAction":[{"@type":"ReadAction","target":["https:\/\/dorasocks.com\/produkt\/skarpety-garniturowe-ciemny-szary\/"]}]},{"@type":"ImageObject","inLanguage":"en-US","@id":"https:\/\/dorasocks.com\/produkt\/skarpety-garniturowe-ciemny-szary\/#primaryimage","url":"https:\/\/dorasocks.com\/wp-content\/uploads\/2023\/05\/ciemny-szary.webp","contentUrl":"https:\/\/dorasocks.com\/wp-content\/uploads\/2023\/05\/ciemny-szary.webp","width":1200,"height":1200},{"@type":"BreadcrumbList","@id":"https:\/\/dorasocks.com\/produkt\/skarpety-garniturowe-ciemny-szary\/#breadcrumb","itemListElement":[{"@type":"ListItem","position":1,"name":"Strona g\u0142\u00f3wna","item":"https:\/\/dorasocks.com\/en\/"},{"@type":"ListItem","position":2,"name":"Shop","item":"https:\/\/dorasocks.com\/en\/shop\/"},{"@type":"ListItem","position":3,"name":"Skarpety garniturowe ciemny szary"}]},{"@type":"WebSite","@id":"https:\/\/dorasocks.com\/en\/#website","url":"https:\/\/dorasocks.com\/en\/","name":"Dora Socks - Skarpety Damskie i M\u0119skie","description":"Skarpety bawe\u0142niane, skarpety garniturowe, skarpety sportowe, skarpety bezuciskowe, skarpety medyczne. Projektowane i produkowane w Polsce!","publisher":{"@id":"https:\/\/dorasocks.com\/en\/#organization"},"potentialAction":[{"@type":"SearchAction","target":{"@type":"EntryPoint","urlTemplate":"https:\/\/dorasocks.com\/en\/?s={search_term_string}"},"query-input":{"@type":"PropertyValueSpecification","valueRequired":true,"valueName":"search_term_string"}}],"inLanguage":"en-US"},{"@type":"Organization","@id":"https:\/\/dorasocks.com\/en\/#organization","name":"Dora Socks - Skarpety Damskie i M\u0119skie","url":"https:\/\/dorasocks.com\/en\/","logo":{"@type":"ImageObject","inLanguage":"en-US","@id":"https:\/\/dorasocks.com\/en\/#\/schema\/logo\/image\/","url":"https:\/\/i0.wp.com\/dorasocks.com\/wp-content\/uploads\/2024\/09\/317077559_152852470823490_940726516288002852_n.jpg?fit=1946%2C1946&ssl=1","contentUrl":"https:\/\/i0.wp.com\/dorasocks.com\/wp-content\/uploads\/2024\/09\/317077559_152852470823490_940726516288002852_n.jpg?fit=1946%2C1946&ssl=1","width":1946,"height":1946,"caption":"Dora Socks - Skarpety Damskie i M\u0119skie"},"image":{"@id":"https:\/\/dorasocks.com\/en\/#\/schema\/logo\/image\/"},"sameAs":["https:\/\/www.facebook.com\/Dorasocksinfo"]}]}},"_links":{"self":[{"href":"https:\/\/dorasocks.com\/en\/wp-json\/wp\/v2\/product\/10323","targetHints":{"allow":["GET"]}}],"collection":[{"href":"https:\/\/dorasocks.com\/en\/wp-json\/wp\/v2\/product"}],"about":[{"href":"https:\/\/dorasocks.com\/en\/wp-json\/wp\/v2\/types\/product"}],"replies":[{"embeddable":true,"href":"https:\/\/dorasocks.com\/en\/wp-json\/wp\/v2\/comments?post=10323"}],"version-history":[{"count":7,"href":"https:\/\/dorasocks.com\/en\/wp-json\/wp\/v2\/product\/10323\/revisions"}],"predecessor-version":[{"id":18269,"href":"https:\/\/dorasocks.com\/en\/wp-json\/wp\/v2\/product\/10323\/revisions\/18269"}],"wp:featuredmedia":[{"embeddable":true,"href":"https:\/\/dorasocks.com\/en\/wp-json\/wp\/v2\/media\/13255"}],"wp:attachment":[{"href":"https:\/\/dorasocks.com\/en\/wp-json\/wp\/v2\/media?parent=10323"}],"wp:term":[{"taxonomy":"product_brand","embeddable":true,"href":"https:\/\/dorasocks.com\/en\/wp-json\/wp\/v2\/product_brand?post=10323"},{"taxonomy":"product_cat","embeddable":true,"href":"https:\/\/dorasocks.com\/en\/wp-json\/wp\/v2\/product_cat?post=10323"},{"taxonomy":"product_tag","embeddable":true,"href":"https:\/\/dorasocks.com\/en\/wp-json\/wp\/v2\/product_tag?post=10323"}],"curies":[{"name":"wp","href":"https:\/\/api.w.org\/{rel}","templated":true}]}}