{"id":10576,"date":"2023-05-23T12:32:22","date_gmt":"2023-05-23T12:32:22","guid":{"rendered":"https:\/\/dorasocks.com\/?post_type=product&#038;p=10576"},"modified":"2026-03-01T11:07:19","modified_gmt":"2026-03-01T11:07:19","slug":"stopki-meskie-szary-z-czarnym","status":"publish","type":"product","link":"https:\/\/dorasocks.com\/en\/product\/stopki-meskie-szary-z-czarnym\/","title":{"rendered":"Stopki M\u0119skie szary z czarnym"},"content":{"rendered":"<h1>Stopki M\u0119skie szary z czarnym<\/h1>\n<h5>\ud83e\udde6 <strong data-start=\"31\" data-end=\"75\">Stopki m\u0119skie szare z czarnym<\/strong>\u00a0\u2013 <span class=\"relative -mx-px my-[-0.2rem] rounded px-px py-[0.2rem]\">bo Twoje stopy zas\u0142uguj\u0105 na odrobin\u0119 elegancji z nut\u0105 tajemniczo\u015bci!<\/span> <span class=\"relative -mx-px my-[-0.2rem] rounded px-px py-[0.2rem]\">Te skarpetki to jak smok w \u015bwiecie bielizny: klasyczne, stylowe i zawsze gotowe na przygod\u0119.<\/span> <span class=\"relative -mx-px my-[-0.2rem] rounded px-px py-[0.2rem]\">Szary kolor dodaje powagi, podczas gdy czarne akcenty wprowadzaj\u0105 nut\u0119 intrygi.<\/span> <span class=\"relative -mx-px my-[-0.2rem] rounded px-px py-[0.2rem]\">Wykonane z wysokiej jako\u015bci materia\u0142\u00f3w, zapewniaj\u0105 komfort noszenia przez ca\u0142y dzie\u0144, niezale\u017cnie od tego, czy ratujesz \u015bwiat, czy po prostu idziesz po bu\u0142ki.<\/span> <span class=\"relative -mx-px my-[-0.2rem] rounded px-px py-[0.2rem]\">Dzi\u0119ki nim Twoje stopy b\u0119d\u0105 czu\u0142y si\u0119 jak na czerwonym dywanie, nawet je\u015bli kroczysz po chodniku.<\/span> <span class=\"relative -mx-px my-[-0.2rem] rounded px-px py-[0.2rem]\">Za\u0142\u00f3\u017c je i poczuj si\u0119 jak tajny agent w misji specjalnej: &#8220;Operacja Styl i Wygoda&#8221;!<\/span><\/h5>\n","protected":false},"excerpt":{"rendered":"<p>Stopki M\u0119skie szary z czarnym \ud83e\udde6 Stopki m\u0119skie szare z czarnym\u00a0\u2013 bo Twoje stopy zas\u0142uguj\u0105 na odrobin\u0119 elegancji z nut\u0105<\/p>\n","protected":false},"featured_media":13185,"comment_status":"closed","ping_status":"closed","template":"","meta":[],"product_brand":[],"product_cat":[166,346],"product_tag":[],"class_list":{"0":"post-10576","1":"product","2":"type-product","3":"status-publish","4":"has-post-thumbnail","6":"product_cat-meskie","7":"product_cat-stopki_meskie","9":"first","10":"instock","11":"purchasable","12":"product-type-variable"},"yoast_head":"<!-- This site is optimized with the Yoast SEO plugin v27.1.1 - https:\/\/yoast.com\/product\/yoast-seo-wordpress\/ -->\n<title>Stopki M\u0119skie szary z czarnym - Dora Socks - Skarpety Damskie i M\u0119skie<\/title>\n<meta name=\"description\" content=\"m\u0119skie stopki w kolorze szarym z czarnym \u2013 po\u0142\u0105czenie klasyki i nowoczesno\u015bci. Zapewniaj\u0105 komfort przez ca\u0142y dzie\u0144 i dodaj\u0105 elegancji ka\u017cdej stylizacji.\" \/>\n<meta name=\"robots\" content=\"index, follow, max-snippet:-1, max-image-preview:large, max-video-preview:-1\" \/>\n<link rel=\"canonical\" href=\"https:\/\/dorasocks.com\/produkt\/stopki-meskie-szary-z-czarnym\/\" \/>\n<meta property=\"og:locale\" content=\"en_US\" \/>\n<meta property=\"og:type\" content=\"article\" \/>\n<meta property=\"og:title\" content=\"Stopki M\u0119skie szary z czarnym - Dora Socks - Skarpety Damskie i M\u0119skie\" \/>\n<meta property=\"og:description\" content=\"m\u0119skie stopki w kolorze szarym z czarnym \u2013 po\u0142\u0105czenie klasyki i nowoczesno\u015bci. Zapewniaj\u0105 komfort przez ca\u0142y dzie\u0144 i dodaj\u0105 elegancji ka\u017cdej stylizacji.\" \/>\n<meta property=\"og:url\" content=\"https:\/\/dorasocks.com\/produkt\/stopki-meskie-szary-z-czarnym\/\" \/>\n<meta property=\"og:site_name\" content=\"Dora Socks - Skarpety Damskie i M\u0119skie\" \/>\n<meta property=\"article:publisher\" content=\"https:\/\/www.facebook.com\/Dorasocksinfo\" \/>\n<meta property=\"article:modified_time\" content=\"2026-03-01T11:07:19+00:00\" \/>\n<meta property=\"og:image\" content=\"https:\/\/dorasocks.com\/wp-content\/uploads\/2023\/05\/20230423-174047.webp\" \/>\n\t<meta property=\"og:image:width\" content=\"1200\" \/>\n\t<meta property=\"og:image:height\" content=\"1200\" \/>\n\t<meta property=\"og:image:type\" content=\"image\/webp\" \/>\n<meta name=\"twitter:card\" content=\"summary_large_image\" \/>\n<meta name=\"twitter:label1\" content=\"Est. reading time\" \/>\n\t<meta name=\"twitter:data1\" content=\"1 minute\" \/>\n<script type=\"application\/ld+json\" class=\"yoast-schema-graph\">{\"@context\":\"https:\/\/schema.org\",\"@graph\":[{\"@type\":\"WebPage\",\"@id\":\"https:\/\/dorasocks.com\/produkt\/stopki-meskie-szary-z-czarnym\/\",\"url\":\"https:\/\/dorasocks.com\/produkt\/stopki-meskie-szary-z-czarnym\/\",\"name\":\"Stopki M\u0119skie szary z czarnym - Dora Socks - Skarpety Damskie i M\u0119skie\",\"isPartOf\":{\"@id\":\"https:\/\/dorasocks.com\/en\/#website\"},\"primaryImageOfPage\":{\"@id\":\"https:\/\/dorasocks.com\/produkt\/stopki-meskie-szary-z-czarnym\/#primaryimage\"},\"image\":{\"@id\":\"https:\/\/dorasocks.com\/produkt\/stopki-meskie-szary-z-czarnym\/#primaryimage\"},\"thumbnailUrl\":\"https:\/\/dorasocks.com\/wp-content\/uploads\/2023\/05\/20230423-174047.webp\",\"datePublished\":\"2023-05-23T12:32:22+00:00\",\"dateModified\":\"2026-03-01T11:07:19+00:00\",\"description\":\"m\u0119skie stopki w kolorze szarym z czarnym \u2013 po\u0142\u0105czenie klasyki i nowoczesno\u015bci. Zapewniaj\u0105 komfort przez ca\u0142y dzie\u0144 i dodaj\u0105 elegancji ka\u017cdej stylizacji.\",\"breadcrumb\":{\"@id\":\"https:\/\/dorasocks.com\/produkt\/stopki-meskie-szary-z-czarnym\/#breadcrumb\"},\"inLanguage\":\"en-US\",\"potentialAction\":[{\"@type\":\"ReadAction\",\"target\":[\"https:\/\/dorasocks.com\/produkt\/stopki-meskie-szary-z-czarnym\/\"]}]},{\"@type\":\"ImageObject\",\"inLanguage\":\"en-US\",\"@id\":\"https:\/\/dorasocks.com\/produkt\/stopki-meskie-szary-z-czarnym\/#primaryimage\",\"url\":\"https:\/\/dorasocks.com\/wp-content\/uploads\/2023\/05\/20230423-174047.webp\",\"contentUrl\":\"https:\/\/dorasocks.com\/wp-content\/uploads\/2023\/05\/20230423-174047.webp\",\"width\":1200,\"height\":1200},{\"@type\":\"BreadcrumbList\",\"@id\":\"https:\/\/dorasocks.com\/produkt\/stopki-meskie-szary-z-czarnym\/#breadcrumb\",\"itemListElement\":[{\"@type\":\"ListItem\",\"position\":1,\"name\":\"Strona g\u0142\u00f3wna\",\"item\":\"https:\/\/dorasocks.com\/en\/\"},{\"@type\":\"ListItem\",\"position\":2,\"name\":\"Shop\",\"item\":\"https:\/\/dorasocks.com\/en\/shop\/\"},{\"@type\":\"ListItem\",\"position\":3,\"name\":\"Stopki M\u0119skie szary z czarnym\"}]},{\"@type\":\"WebSite\",\"@id\":\"https:\/\/dorasocks.com\/en\/#website\",\"url\":\"https:\/\/dorasocks.com\/en\/\",\"name\":\"Dora Socks - Skarpety Damskie i M\u0119skie\",\"description\":\"Skarpety bawe\u0142niane, skarpety garniturowe, skarpety sportowe, skarpety bezuciskowe, skarpety medyczne. Projektowane i produkowane w Polsce!\",\"publisher\":{\"@id\":\"https:\/\/dorasocks.com\/en\/#organization\"},\"potentialAction\":[{\"@type\":\"SearchAction\",\"target\":{\"@type\":\"EntryPoint\",\"urlTemplate\":\"https:\/\/dorasocks.com\/en\/?s={search_term_string}\"},\"query-input\":{\"@type\":\"PropertyValueSpecification\",\"valueRequired\":true,\"valueName\":\"search_term_string\"}}],\"inLanguage\":\"en-US\"},{\"@type\":\"Organization\",\"@id\":\"https:\/\/dorasocks.com\/en\/#organization\",\"name\":\"Dora Socks - Skarpety Damskie i M\u0119skie\",\"url\":\"https:\/\/dorasocks.com\/en\/\",\"logo\":{\"@type\":\"ImageObject\",\"inLanguage\":\"en-US\",\"@id\":\"https:\/\/dorasocks.com\/en\/#\/schema\/logo\/image\/\",\"url\":\"https:\/\/i0.wp.com\/dorasocks.com\/wp-content\/uploads\/2024\/09\/317077559_152852470823490_940726516288002852_n.jpg?fit=1946%2C1946&ssl=1\",\"contentUrl\":\"https:\/\/i0.wp.com\/dorasocks.com\/wp-content\/uploads\/2024\/09\/317077559_152852470823490_940726516288002852_n.jpg?fit=1946%2C1946&ssl=1\",\"width\":1946,\"height\":1946,\"caption\":\"Dora Socks - Skarpety Damskie i M\u0119skie\"},\"image\":{\"@id\":\"https:\/\/dorasocks.com\/en\/#\/schema\/logo\/image\/\"},\"sameAs\":[\"https:\/\/www.facebook.com\/Dorasocksinfo\"]}]}<\/script>\n<!-- \/ Yoast SEO plugin. -->","yoast_head_json":{"title":"Stopki M\u0119skie szary z czarnym - Dora Socks - Skarpety Damskie i M\u0119skie","description":"m\u0119skie stopki w kolorze szarym z czarnym \u2013 po\u0142\u0105czenie klasyki i nowoczesno\u015bci. Zapewniaj\u0105 komfort przez ca\u0142y dzie\u0144 i dodaj\u0105 elegancji ka\u017cdej stylizacji.","robots":{"index":"index","follow":"follow","max-snippet":"max-snippet:-1","max-image-preview":"max-image-preview:large","max-video-preview":"max-video-preview:-1"},"canonical":"https:\/\/dorasocks.com\/produkt\/stopki-meskie-szary-z-czarnym\/","og_locale":"en_US","og_type":"article","og_title":"Stopki M\u0119skie szary z czarnym - Dora Socks - Skarpety Damskie i M\u0119skie","og_description":"m\u0119skie stopki w kolorze szarym z czarnym \u2013 po\u0142\u0105czenie klasyki i nowoczesno\u015bci. Zapewniaj\u0105 komfort przez ca\u0142y dzie\u0144 i dodaj\u0105 elegancji ka\u017cdej stylizacji.","og_url":"https:\/\/dorasocks.com\/produkt\/stopki-meskie-szary-z-czarnym\/","og_site_name":"Dora Socks - Skarpety Damskie i M\u0119skie","article_publisher":"https:\/\/www.facebook.com\/Dorasocksinfo","article_modified_time":"2026-03-01T11:07:19+00:00","og_image":[{"width":1200,"height":1200,"url":"https:\/\/dorasocks.com\/wp-content\/uploads\/2023\/05\/20230423-174047.webp","type":"image\/webp"}],"twitter_card":"summary_large_image","twitter_misc":{"Est. reading time":"1 minute"},"schema":{"@context":"https:\/\/schema.org","@graph":[{"@type":"WebPage","@id":"https:\/\/dorasocks.com\/produkt\/stopki-meskie-szary-z-czarnym\/","url":"https:\/\/dorasocks.com\/produkt\/stopki-meskie-szary-z-czarnym\/","name":"Stopki M\u0119skie szary z czarnym - Dora Socks - Skarpety Damskie i M\u0119skie","isPartOf":{"@id":"https:\/\/dorasocks.com\/en\/#website"},"primaryImageOfPage":{"@id":"https:\/\/dorasocks.com\/produkt\/stopki-meskie-szary-z-czarnym\/#primaryimage"},"image":{"@id":"https:\/\/dorasocks.com\/produkt\/stopki-meskie-szary-z-czarnym\/#primaryimage"},"thumbnailUrl":"https:\/\/dorasocks.com\/wp-content\/uploads\/2023\/05\/20230423-174047.webp","datePublished":"2023-05-23T12:32:22+00:00","dateModified":"2026-03-01T11:07:19+00:00","description":"m\u0119skie stopki w kolorze szarym z czarnym \u2013 po\u0142\u0105czenie klasyki i nowoczesno\u015bci. Zapewniaj\u0105 komfort przez ca\u0142y dzie\u0144 i dodaj\u0105 elegancji ka\u017cdej stylizacji.","breadcrumb":{"@id":"https:\/\/dorasocks.com\/produkt\/stopki-meskie-szary-z-czarnym\/#breadcrumb"},"inLanguage":"en-US","potentialAction":[{"@type":"ReadAction","target":["https:\/\/dorasocks.com\/produkt\/stopki-meskie-szary-z-czarnym\/"]}]},{"@type":"ImageObject","inLanguage":"en-US","@id":"https:\/\/dorasocks.com\/produkt\/stopki-meskie-szary-z-czarnym\/#primaryimage","url":"https:\/\/dorasocks.com\/wp-content\/uploads\/2023\/05\/20230423-174047.webp","contentUrl":"https:\/\/dorasocks.com\/wp-content\/uploads\/2023\/05\/20230423-174047.webp","width":1200,"height":1200},{"@type":"BreadcrumbList","@id":"https:\/\/dorasocks.com\/produkt\/stopki-meskie-szary-z-czarnym\/#breadcrumb","itemListElement":[{"@type":"ListItem","position":1,"name":"Strona g\u0142\u00f3wna","item":"https:\/\/dorasocks.com\/en\/"},{"@type":"ListItem","position":2,"name":"Shop","item":"https:\/\/dorasocks.com\/en\/shop\/"},{"@type":"ListItem","position":3,"name":"Stopki M\u0119skie szary z czarnym"}]},{"@type":"WebSite","@id":"https:\/\/dorasocks.com\/en\/#website","url":"https:\/\/dorasocks.com\/en\/","name":"Dora Socks - Skarpety Damskie i M\u0119skie","description":"Skarpety bawe\u0142niane, skarpety garniturowe, skarpety sportowe, skarpety bezuciskowe, skarpety medyczne. Projektowane i produkowane w Polsce!","publisher":{"@id":"https:\/\/dorasocks.com\/en\/#organization"},"potentialAction":[{"@type":"SearchAction","target":{"@type":"EntryPoint","urlTemplate":"https:\/\/dorasocks.com\/en\/?s={search_term_string}"},"query-input":{"@type":"PropertyValueSpecification","valueRequired":true,"valueName":"search_term_string"}}],"inLanguage":"en-US"},{"@type":"Organization","@id":"https:\/\/dorasocks.com\/en\/#organization","name":"Dora Socks - Skarpety Damskie i M\u0119skie","url":"https:\/\/dorasocks.com\/en\/","logo":{"@type":"ImageObject","inLanguage":"en-US","@id":"https:\/\/dorasocks.com\/en\/#\/schema\/logo\/image\/","url":"https:\/\/i0.wp.com\/dorasocks.com\/wp-content\/uploads\/2024\/09\/317077559_152852470823490_940726516288002852_n.jpg?fit=1946%2C1946&ssl=1","contentUrl":"https:\/\/i0.wp.com\/dorasocks.com\/wp-content\/uploads\/2024\/09\/317077559_152852470823490_940726516288002852_n.jpg?fit=1946%2C1946&ssl=1","width":1946,"height":1946,"caption":"Dora Socks - Skarpety Damskie i M\u0119skie"},"image":{"@id":"https:\/\/dorasocks.com\/en\/#\/schema\/logo\/image\/"},"sameAs":["https:\/\/www.facebook.com\/Dorasocksinfo"]}]}},"_links":{"self":[{"href":"https:\/\/dorasocks.com\/en\/wp-json\/wp\/v2\/product\/10576","targetHints":{"allow":["GET"]}}],"collection":[{"href":"https:\/\/dorasocks.com\/en\/wp-json\/wp\/v2\/product"}],"about":[{"href":"https:\/\/dorasocks.com\/en\/wp-json\/wp\/v2\/types\/product"}],"replies":[{"embeddable":true,"href":"https:\/\/dorasocks.com\/en\/wp-json\/wp\/v2\/comments?post=10576"}],"version-history":[{"count":5,"href":"https:\/\/dorasocks.com\/en\/wp-json\/wp\/v2\/product\/10576\/revisions"}],"predecessor-version":[{"id":18686,"href":"https:\/\/dorasocks.com\/en\/wp-json\/wp\/v2\/product\/10576\/revisions\/18686"}],"wp:featuredmedia":[{"embeddable":true,"href":"https:\/\/dorasocks.com\/en\/wp-json\/wp\/v2\/media\/13185"}],"wp:attachment":[{"href":"https:\/\/dorasocks.com\/en\/wp-json\/wp\/v2\/media?parent=10576"}],"wp:term":[{"taxonomy":"product_brand","embeddable":true,"href":"https:\/\/dorasocks.com\/en\/wp-json\/wp\/v2\/product_brand?post=10576"},{"taxonomy":"product_cat","embeddable":true,"href":"https:\/\/dorasocks.com\/en\/wp-json\/wp\/v2\/product_cat?post=10576"},{"taxonomy":"product_tag","embeddable":true,"href":"https:\/\/dorasocks.com\/en\/wp-json\/wp\/v2\/product_tag?post=10576"}],"curies":[{"name":"wp","href":"https:\/\/api.w.org\/{rel}","templated":true}]}}