{"id":25981,"date":"2026-03-15T10:48:18","date_gmt":"2026-03-15T10:48:18","guid":{"rendered":"https:\/\/dorasocks.com\/?post_type=product&#038;p=25981"},"modified":"2026-03-15T10:48:19","modified_gmt":"2026-03-15T10:48:19","slug":"kolorowe-grochy","status":"publish","type":"product","link":"https:\/\/dorasocks.com\/en\/product\/kolorowe-grochy\/","title":{"rendered":"Kolorowe Grochy"},"content":{"rendered":"<p>Te <strong>kolorowe m\u0119skie skarpety<\/strong> garniturowe to idealne po\u0142\u0105czenie elegancji i wyrazistego stylu. Wykonane z mi\u0119kkiej, oddychaj\u0105cej dzianiny zapewniaj\u0105 komfort przez ca\u0142y dzie\u0144. <strong>Energetyczny wz\u00f3r w grochy<\/strong> dodaje charakteru ka\u017cdej stylizacji &#8211; od biurowej po casualow\u0105. Doskona\u0142e dla m\u0119\u017cczyzn, kt\u00f3rzy lubi\u0105 wyr\u00f3\u017cnia\u0107 si\u0119 detalami i stawiaj\u0105 na wysok\u0105 jako\u015b\u0107.<\/p>\n","protected":false},"excerpt":{"rendered":"<p>Te kolorowe m\u0119skie skarpety garniturowe to idealne po\u0142\u0105czenie elegancji i wyrazistego stylu. Wykonane z mi\u0119kkiej, oddychaj\u0105cej dzianiny zapewniaj\u0105 komfort przez<\/p>\n","protected":false},"featured_media":26002,"comment_status":"open","ping_status":"closed","template":"","meta":[],"product_brand":[],"product_cat":[166,350],"product_tag":[],"class_list":{"0":"post-25981","1":"product","2":"type-product","3":"status-publish","4":"has-post-thumbnail","6":"product_cat-meskie","7":"product_cat-garniturowe","9":"first","10":"instock","11":"purchasable","12":"product-type-variable"},"yoast_head":"<!-- This site is optimized with the Yoast SEO plugin v27.1.1 - https:\/\/yoast.com\/product\/yoast-seo-wordpress\/ -->\n<title>Kolorowe Grochy - Dora Socks - Skarpety Damskie i M\u0119skie<\/title>\n<meta name=\"description\" content=\"Kolorowe m\u0119skie skarpety garniturowe z modnym wzorem w grochy. Wygodne, stylowe i idealne do eleganckich oraz casualowych stylizacji.\" \/>\n<meta name=\"robots\" content=\"index, follow, max-snippet:-1, max-image-preview:large, max-video-preview:-1\" \/>\n<link rel=\"canonical\" href=\"https:\/\/dorasocks.com\/produkt\/kolorowe-grochy\/\" \/>\n<meta property=\"og:locale\" content=\"en_US\" \/>\n<meta property=\"og:type\" content=\"article\" \/>\n<meta property=\"og:title\" content=\"Kolorowe Grochy - Dora Socks - Skarpety Damskie i M\u0119skie\" \/>\n<meta property=\"og:description\" content=\"Kolorowe m\u0119skie skarpety garniturowe z modnym wzorem w grochy. Wygodne, stylowe i idealne do eleganckich oraz casualowych stylizacji.\" \/>\n<meta property=\"og:url\" content=\"https:\/\/dorasocks.com\/produkt\/kolorowe-grochy\/\" \/>\n<meta property=\"og:site_name\" content=\"Dora Socks - Skarpety Damskie i M\u0119skie\" \/>\n<meta property=\"article:publisher\" content=\"https:\/\/www.facebook.com\/Dorasocksinfo\" \/>\n<meta property=\"article:modified_time\" content=\"2026-03-15T10:48:19+00:00\" \/>\n<meta property=\"og:image\" content=\"https:\/\/dorasocks.com\/wp-content\/uploads\/2026\/03\/naplasko.webp\" \/>\n\t<meta property=\"og:image:width\" content=\"2560\" \/>\n\t<meta property=\"og:image:height\" content=\"2560\" \/>\n\t<meta property=\"og:image:type\" content=\"image\/webp\" \/>\n<meta name=\"twitter:card\" content=\"summary_large_image\" \/>\n<meta name=\"twitter:label1\" content=\"Est. reading time\" \/>\n\t<meta name=\"twitter:data1\" content=\"1 minute\" \/>\n<script type=\"application\/ld+json\" class=\"yoast-schema-graph\">{\"@context\":\"https:\/\/schema.org\",\"@graph\":[{\"@type\":\"WebPage\",\"@id\":\"https:\/\/dorasocks.com\/produkt\/kolorowe-grochy\/\",\"url\":\"https:\/\/dorasocks.com\/produkt\/kolorowe-grochy\/\",\"name\":\"Kolorowe Grochy - Dora Socks - Skarpety Damskie i M\u0119skie\",\"isPartOf\":{\"@id\":\"https:\/\/dorasocks.com\/en\/#website\"},\"primaryImageOfPage\":{\"@id\":\"https:\/\/dorasocks.com\/produkt\/kolorowe-grochy\/#primaryimage\"},\"image\":{\"@id\":\"https:\/\/dorasocks.com\/produkt\/kolorowe-grochy\/#primaryimage\"},\"thumbnailUrl\":\"https:\/\/dorasocks.com\/wp-content\/uploads\/2026\/03\/naplasko.webp\",\"datePublished\":\"2026-03-15T10:48:18+00:00\",\"dateModified\":\"2026-03-15T10:48:19+00:00\",\"description\":\"Kolorowe m\u0119skie skarpety garniturowe z modnym wzorem w grochy. Wygodne, stylowe i idealne do eleganckich oraz casualowych stylizacji.\",\"breadcrumb\":{\"@id\":\"https:\/\/dorasocks.com\/produkt\/kolorowe-grochy\/#breadcrumb\"},\"inLanguage\":\"en-US\",\"potentialAction\":[{\"@type\":\"ReadAction\",\"target\":[\"https:\/\/dorasocks.com\/produkt\/kolorowe-grochy\/\"]}]},{\"@type\":\"ImageObject\",\"inLanguage\":\"en-US\",\"@id\":\"https:\/\/dorasocks.com\/produkt\/kolorowe-grochy\/#primaryimage\",\"url\":\"https:\/\/dorasocks.com\/wp-content\/uploads\/2026\/03\/naplasko.webp\",\"contentUrl\":\"https:\/\/dorasocks.com\/wp-content\/uploads\/2026\/03\/naplasko.webp\",\"width\":2560,\"height\":2560},{\"@type\":\"BreadcrumbList\",\"@id\":\"https:\/\/dorasocks.com\/produkt\/kolorowe-grochy\/#breadcrumb\",\"itemListElement\":[{\"@type\":\"ListItem\",\"position\":1,\"name\":\"Strona g\u0142\u00f3wna\",\"item\":\"https:\/\/dorasocks.com\/en\/\"},{\"@type\":\"ListItem\",\"position\":2,\"name\":\"Shop\",\"item\":\"https:\/\/dorasocks.com\/en\/shop\/\"},{\"@type\":\"ListItem\",\"position\":3,\"name\":\"Kolorowe Grochy\"}]},{\"@type\":\"WebSite\",\"@id\":\"https:\/\/dorasocks.com\/en\/#website\",\"url\":\"https:\/\/dorasocks.com\/en\/\",\"name\":\"Dora Socks - Skarpety Damskie i M\u0119skie\",\"description\":\"Skarpety bawe\u0142niane, skarpety garniturowe, skarpety sportowe, skarpety bezuciskowe, skarpety medyczne. Projektowane i produkowane w Polsce!\",\"publisher\":{\"@id\":\"https:\/\/dorasocks.com\/en\/#organization\"},\"potentialAction\":[{\"@type\":\"SearchAction\",\"target\":{\"@type\":\"EntryPoint\",\"urlTemplate\":\"https:\/\/dorasocks.com\/en\/?s={search_term_string}\"},\"query-input\":{\"@type\":\"PropertyValueSpecification\",\"valueRequired\":true,\"valueName\":\"search_term_string\"}}],\"inLanguage\":\"en-US\"},{\"@type\":\"Organization\",\"@id\":\"https:\/\/dorasocks.com\/en\/#organization\",\"name\":\"Dora Socks - Skarpety Damskie i M\u0119skie\",\"url\":\"https:\/\/dorasocks.com\/en\/\",\"logo\":{\"@type\":\"ImageObject\",\"inLanguage\":\"en-US\",\"@id\":\"https:\/\/dorasocks.com\/en\/#\/schema\/logo\/image\/\",\"url\":\"https:\/\/i0.wp.com\/dorasocks.com\/wp-content\/uploads\/2024\/09\/317077559_152852470823490_940726516288002852_n.jpg?fit=1946%2C1946&ssl=1\",\"contentUrl\":\"https:\/\/i0.wp.com\/dorasocks.com\/wp-content\/uploads\/2024\/09\/317077559_152852470823490_940726516288002852_n.jpg?fit=1946%2C1946&ssl=1\",\"width\":1946,\"height\":1946,\"caption\":\"Dora Socks - Skarpety Damskie i M\u0119skie\"},\"image\":{\"@id\":\"https:\/\/dorasocks.com\/en\/#\/schema\/logo\/image\/\"},\"sameAs\":[\"https:\/\/www.facebook.com\/Dorasocksinfo\"]}]}<\/script>\n<!-- \/ Yoast SEO plugin. -->","yoast_head_json":{"title":"Kolorowe Grochy - Dora Socks - Skarpety Damskie i M\u0119skie","description":"Kolorowe m\u0119skie skarpety garniturowe z modnym wzorem w grochy. Wygodne, stylowe i idealne do eleganckich oraz casualowych stylizacji.","robots":{"index":"index","follow":"follow","max-snippet":"max-snippet:-1","max-image-preview":"max-image-preview:large","max-video-preview":"max-video-preview:-1"},"canonical":"https:\/\/dorasocks.com\/produkt\/kolorowe-grochy\/","og_locale":"en_US","og_type":"article","og_title":"Kolorowe Grochy - Dora Socks - Skarpety Damskie i M\u0119skie","og_description":"Kolorowe m\u0119skie skarpety garniturowe z modnym wzorem w grochy. Wygodne, stylowe i idealne do eleganckich oraz casualowych stylizacji.","og_url":"https:\/\/dorasocks.com\/produkt\/kolorowe-grochy\/","og_site_name":"Dora Socks - Skarpety Damskie i M\u0119skie","article_publisher":"https:\/\/www.facebook.com\/Dorasocksinfo","article_modified_time":"2026-03-15T10:48:19+00:00","og_image":[{"width":2560,"height":2560,"url":"https:\/\/dorasocks.com\/wp-content\/uploads\/2026\/03\/naplasko.webp","type":"image\/webp"}],"twitter_card":"summary_large_image","twitter_misc":{"Est. reading time":"1 minute"},"schema":{"@context":"https:\/\/schema.org","@graph":[{"@type":"WebPage","@id":"https:\/\/dorasocks.com\/produkt\/kolorowe-grochy\/","url":"https:\/\/dorasocks.com\/produkt\/kolorowe-grochy\/","name":"Kolorowe Grochy - Dora Socks - Skarpety Damskie i M\u0119skie","isPartOf":{"@id":"https:\/\/dorasocks.com\/en\/#website"},"primaryImageOfPage":{"@id":"https:\/\/dorasocks.com\/produkt\/kolorowe-grochy\/#primaryimage"},"image":{"@id":"https:\/\/dorasocks.com\/produkt\/kolorowe-grochy\/#primaryimage"},"thumbnailUrl":"https:\/\/dorasocks.com\/wp-content\/uploads\/2026\/03\/naplasko.webp","datePublished":"2026-03-15T10:48:18+00:00","dateModified":"2026-03-15T10:48:19+00:00","description":"Kolorowe m\u0119skie skarpety garniturowe z modnym wzorem w grochy. Wygodne, stylowe i idealne do eleganckich oraz casualowych stylizacji.","breadcrumb":{"@id":"https:\/\/dorasocks.com\/produkt\/kolorowe-grochy\/#breadcrumb"},"inLanguage":"en-US","potentialAction":[{"@type":"ReadAction","target":["https:\/\/dorasocks.com\/produkt\/kolorowe-grochy\/"]}]},{"@type":"ImageObject","inLanguage":"en-US","@id":"https:\/\/dorasocks.com\/produkt\/kolorowe-grochy\/#primaryimage","url":"https:\/\/dorasocks.com\/wp-content\/uploads\/2026\/03\/naplasko.webp","contentUrl":"https:\/\/dorasocks.com\/wp-content\/uploads\/2026\/03\/naplasko.webp","width":2560,"height":2560},{"@type":"BreadcrumbList","@id":"https:\/\/dorasocks.com\/produkt\/kolorowe-grochy\/#breadcrumb","itemListElement":[{"@type":"ListItem","position":1,"name":"Strona g\u0142\u00f3wna","item":"https:\/\/dorasocks.com\/en\/"},{"@type":"ListItem","position":2,"name":"Shop","item":"https:\/\/dorasocks.com\/en\/shop\/"},{"@type":"ListItem","position":3,"name":"Kolorowe Grochy"}]},{"@type":"WebSite","@id":"https:\/\/dorasocks.com\/en\/#website","url":"https:\/\/dorasocks.com\/en\/","name":"Dora Socks - Skarpety Damskie i M\u0119skie","description":"Skarpety bawe\u0142niane, skarpety garniturowe, skarpety sportowe, skarpety bezuciskowe, skarpety medyczne. Projektowane i produkowane w Polsce!","publisher":{"@id":"https:\/\/dorasocks.com\/en\/#organization"},"potentialAction":[{"@type":"SearchAction","target":{"@type":"EntryPoint","urlTemplate":"https:\/\/dorasocks.com\/en\/?s={search_term_string}"},"query-input":{"@type":"PropertyValueSpecification","valueRequired":true,"valueName":"search_term_string"}}],"inLanguage":"en-US"},{"@type":"Organization","@id":"https:\/\/dorasocks.com\/en\/#organization","name":"Dora Socks - Skarpety Damskie i M\u0119skie","url":"https:\/\/dorasocks.com\/en\/","logo":{"@type":"ImageObject","inLanguage":"en-US","@id":"https:\/\/dorasocks.com\/en\/#\/schema\/logo\/image\/","url":"https:\/\/i0.wp.com\/dorasocks.com\/wp-content\/uploads\/2024\/09\/317077559_152852470823490_940726516288002852_n.jpg?fit=1946%2C1946&ssl=1","contentUrl":"https:\/\/i0.wp.com\/dorasocks.com\/wp-content\/uploads\/2024\/09\/317077559_152852470823490_940726516288002852_n.jpg?fit=1946%2C1946&ssl=1","width":1946,"height":1946,"caption":"Dora Socks - Skarpety Damskie i M\u0119skie"},"image":{"@id":"https:\/\/dorasocks.com\/en\/#\/schema\/logo\/image\/"},"sameAs":["https:\/\/www.facebook.com\/Dorasocksinfo"]}]}},"_links":{"self":[{"href":"https:\/\/dorasocks.com\/en\/wp-json\/wp\/v2\/product\/25981","targetHints":{"allow":["GET"]}}],"collection":[{"href":"https:\/\/dorasocks.com\/en\/wp-json\/wp\/v2\/product"}],"about":[{"href":"https:\/\/dorasocks.com\/en\/wp-json\/wp\/v2\/types\/product"}],"replies":[{"embeddable":true,"href":"https:\/\/dorasocks.com\/en\/wp-json\/wp\/v2\/comments?post=25981"}],"version-history":[{"count":2,"href":"https:\/\/dorasocks.com\/en\/wp-json\/wp\/v2\/product\/25981\/revisions"}],"predecessor-version":[{"id":26008,"href":"https:\/\/dorasocks.com\/en\/wp-json\/wp\/v2\/product\/25981\/revisions\/26008"}],"wp:featuredmedia":[{"embeddable":true,"href":"https:\/\/dorasocks.com\/en\/wp-json\/wp\/v2\/media\/26002"}],"wp:attachment":[{"href":"https:\/\/dorasocks.com\/en\/wp-json\/wp\/v2\/media?parent=25981"}],"wp:term":[{"taxonomy":"product_brand","embeddable":true,"href":"https:\/\/dorasocks.com\/en\/wp-json\/wp\/v2\/product_brand?post=25981"},{"taxonomy":"product_cat","embeddable":true,"href":"https:\/\/dorasocks.com\/en\/wp-json\/wp\/v2\/product_cat?post=25981"},{"taxonomy":"product_tag","embeddable":true,"href":"https:\/\/dorasocks.com\/en\/wp-json\/wp\/v2\/product_tag?post=25981"}],"curies":[{"name":"wp","href":"https:\/\/api.w.org\/{rel}","templated":true}]}}